{"id":161,"date":"2022-06-22T09:56:44","date_gmt":"2022-06-22T07:56:44","guid":{"rendered":"https:\/\/at-fenster.matplast.de\/?page_id=161"},"modified":"2026-02-10T12:02:46","modified_gmt":"2026-02-10T11:02:46","slug":"fenster","status":"publish","type":"page","link":"https:\/\/at-fenster.de\/nl\/fenster\/","title":{"rendered":"Ramen"},"content":{"rendered":"<div data-elementor-type=\"wp-page\" data-elementor-id=\"161\" class=\"elementor elementor-161\">\n\t\t\t\t\t\t<section class=\"has_eae_slider elementor-section elementor-top-section elementor-element elementor-element-2ea85c51 elementor-section-full_width elementor-section-height-min-height elementor-section-height-default elementor-section-items-middle wpr-particle-no wpr-jarallax-no wpr-parallax-no wpr-sticky-section-no wpr-column-slider-no wpr-equal-height-no\" data-eae-slider=\"96461\" data-id=\"2ea85c51\" data-element_type=\"section\" data-e-type=\"section\" data-settings=\"{&quot;background_background&quot;:&quot;classic&quot;}\">\n\t\t\t\t\t\t<div class=\"elementor-container elementor-column-gap-default\">\n\t\t\t\t\t<div class=\"has_eae_slider elementor-column elementor-col-100 elementor-top-column elementor-element elementor-element-1163a0d\" data-eae-slider=\"29743\" data-id=\"1163a0d\" data-element_type=\"column\" data-e-type=\"column\">\n\t\t\t<div class=\"elementor-widget-wrap\">\n\t\t\t\t\t\t\t<\/div>\n\t\t<\/div>\n\t\t\t\t\t<\/div>\n\t\t<\/section>\n\t\t\t\t<section class=\"has_eae_slider elementor-section elementor-top-section elementor-element elementor-element-372244cd elementor-section-boxed elementor-section-height-default elementor-section-height-default wpr-particle-no wpr-jarallax-no wpr-parallax-no wpr-sticky-section-no wpr-column-slider-no wpr-equal-height-no\" data-eae-slider=\"22628\" data-id=\"372244cd\" data-element_type=\"section\" data-e-type=\"section\">\n\t\t\t\t\t\t<div class=\"elementor-container elementor-column-gap-default\">\n\t\t\t\t\t<div class=\"has_eae_slider elementor-column elementor-col-100 elementor-top-column elementor-element elementor-element-1051bae2\" data-eae-slider=\"52023\" data-id=\"1051bae2\" data-element_type=\"column\" data-e-type=\"column\">\n\t\t\t<div class=\"elementor-widget-wrap elementor-element-populated\">\n\t\t\t\t\t\t<div class=\"elementor-element elementor-element-6af8c544 elementor-widget elementor-widget-heading\" data-id=\"6af8c544\" data-element_type=\"widget\" data-e-type=\"widget\" data-widget_type=\"heading.default\">\n\t\t\t\t<div class=\"elementor-widget-container\">\n\t\t\t\t\t<h2 class=\"elementor-heading-title elementor-size-default\">Twijfelt u welke ramen u moet kiezen? Bepaal uw behoeften en vind de perfecte oplossing voor uw woning!<\/h2>\t\t\t\t<\/div>\n\t\t\t\t<\/div>\n\t\t\t\t<section class=\"has_eae_slider elementor-section elementor-inner-section elementor-element elementor-element-43fba21 elementor-section-boxed elementor-section-height-default elementor-section-height-default wpr-particle-no wpr-jarallax-no wpr-parallax-no wpr-sticky-section-no wpr-column-slider-no wpr-equal-height-no\" data-eae-slider=\"71429\" data-id=\"43fba21\" data-element_type=\"section\" data-e-type=\"section\">\n\t\t\t\t\t\t<div class=\"elementor-container elementor-column-gap-default\">\n\t\t\t\t\t<div class=\"has_eae_slider elementor-column elementor-col-100 elementor-inner-column elementor-element elementor-element-aa4e59e\" data-eae-slider=\"60541\" data-id=\"aa4e59e\" data-element_type=\"column\" data-e-type=\"column\">\n\t\t\t<div class=\"elementor-widget-wrap elementor-element-populated\">\n\t\t\t\t\t\t<div class=\"elementor-element elementor-element-f861cc8 elementor-widget elementor-widget-text-editor\" data-id=\"f861cc8\" data-element_type=\"widget\" data-e-type=\"widget\" data-widget_type=\"text-editor.default\">\n\t\t\t\t<div class=\"elementor-widget-container\">\n\t\t\t\t\t\t\t\t\t<p>Denk na over wat u nodig heeft. Aluminium ramen bieden een modern design en duurzaamheid, terwijl PVC-ramen uitstekende isolatie en een goede prijs-kwaliteitverhouding bieden. Wij helpen u de perfecte oplossing voor uw woning te vinden!<\/p>\t\t\t\t\t\t\t\t<\/div>\n\t\t\t\t<\/div>\n\t\t\t\t\t<\/div>\n\t\t<\/div>\n\t\t\t\t\t<\/div>\n\t\t<\/section>\n\t\t\t\t\t<\/div>\n\t\t<\/div>\n\t\t\t\t\t<\/div>\n\t\t<\/section>\n\t\t<div class=\"has_eae_slider elementor-element elementor-element-3bcafd5d e-flex e-con-boxed wpr-particle-no wpr-jarallax-no wpr-parallax-no wpr-sticky-section-no wpr-column-slider-no wpr-equal-height-no e-con e-parent\" data-eae-slider=\"46039\" data-id=\"3bcafd5d\" data-element_type=\"container\" data-e-type=\"container\">\n\t\t\t\t\t<div class=\"e-con-inner\">\n\t\t<div class=\"has_eae_slider elementor-element elementor-element-9666955 e-con-full e-flex wpr-particle-no wpr-jarallax-no wpr-parallax-no wpr-sticky-section-no wpr-column-slider-no wpr-equal-height-no e-con e-child\" data-eae-slider=\"80513\" data-id=\"9666955\" data-element_type=\"container\" data-e-type=\"container\">\n\t\t\t\t<div class=\"elementor-element elementor-element-64f29108 elementor-widget elementor-widget-image\" data-id=\"64f29108\" data-element_type=\"widget\" data-e-type=\"widget\" data-widget_type=\"image.default\">\n\t\t\t\t<div class=\"elementor-widget-container\">\n\t\t\t\t\t\t\t\t\t\t\t\t\t\t\t\t<a href=\"https:\/\/at-fenster.de\/nl\/pvc-fenster\/\">\n\t\t\t\t\t\t\t<img fetchpriority=\"high\" decoding=\"async\" width=\"822\" height=\"653\" src=\"https:\/\/at-fenster.de\/wp-content\/uploads\/2025\/01\/PVC-fenster-pick-img.jpg\" class=\"attachment-full size-full wp-image-1723\" alt=\"PVC Fenster\" srcset=\"https:\/\/at-fenster.de\/wp-content\/uploads\/2025\/01\/PVC-fenster-pick-img.jpg 822w, https:\/\/at-fenster.de\/wp-content\/uploads\/2025\/01\/PVC-fenster-pick-img-300x238.jpg 300w, https:\/\/at-fenster.de\/wp-content\/uploads\/2025\/01\/PVC-fenster-pick-img-768x610.jpg 768w\" sizes=\"(max-width: 822px) 100vw, 822px\" \/>\t\t\t\t\t\t\t\t<\/a>\n\t\t\t\t\t\t\t\t\t\t\t\t\t\t\t<\/div>\n\t\t\t\t<\/div>\n\t\t\t\t<\/div>\n\t\t<div class=\"has_eae_slider elementor-element elementor-element-31ddc69 e-con-full e-flex wpr-particle-no wpr-jarallax-no wpr-parallax-no wpr-sticky-section-no wpr-column-slider-no wpr-equal-height-no e-con e-child\" data-eae-slider=\"46927\" data-id=\"31ddc69\" data-element_type=\"container\" data-e-type=\"container\">\n\t\t\t\t<div class=\"elementor-element elementor-element-41289f05 elementor-widget elementor-widget-heading\" data-id=\"41289f05\" data-element_type=\"widget\" data-e-type=\"widget\" data-widget_type=\"heading.default\">\n\t\t\t\t<div class=\"elementor-widget-container\">\n\t\t\t\t\t<h2 class=\"elementor-heading-title elementor-size-default\">PVC-ramen \u2013 energie-effici\u00ebntie en comfort<\/h2>\t\t\t\t<\/div>\n\t\t\t\t<\/div>\n\t\t\t\t<div class=\"elementor-element elementor-element-4a381385 elementor-widget elementor-widget-text-editor\" data-id=\"4a381385\" data-element_type=\"widget\" data-e-type=\"widget\" data-widget_type=\"text-editor.default\">\n\t\t\t\t<div class=\"elementor-widget-container\">\n\t\t\t\t\t\t\t\t\t<p>PVC-ramen combineren een hoge thermische isolatie, eenvoudig onderhoud en een goede prijs-kwaliteitverhouding. Deze oplossing zorgt voor thermisch comfort, energiebesparing en een esthetische uitstraling, ideaal voor zowel eengezinswoningen als meergezinsgebouwen.<\/p>\t\t\t\t\t\t\t\t<\/div>\n\t\t\t\t<\/div>\n\t\t\t\t<div class=\"elementor-element elementor-element-7c3c1e2 elementor-widget elementor-widget-button\" data-id=\"7c3c1e2\" data-element_type=\"widget\" data-e-type=\"widget\" data-widget_type=\"button.default\">\n\t\t\t\t<div class=\"elementor-widget-container\">\n\t\t\t\t\t\t\t\t\t<div class=\"elementor-button-wrapper\">\n\t\t\t\t\t<a class=\"elementor-button elementor-button-link elementor-size-sm elementor-animation-grow\" href=\"https:\/\/at-fenster.de\/nl\/pvc-fenster\/\">\n\t\t\t\t\t\t<span class=\"elementor-button-content-wrapper\">\n\t\t\t\t\t\t\t\t\t<span class=\"elementor-button-text\">Productdetails<\/span>\n\t\t\t\t\t<\/span>\n\t\t\t\t\t<\/a>\n\t\t\t\t<\/div>\n\t\t\t\t\t\t\t\t<\/div>\n\t\t\t\t<\/div>\n\t\t\t\t<\/div>\n\t\t\t\t\t<\/div>\n\t\t\t\t<\/div>\n\t\t<div class=\"has_eae_slider elementor-element elementor-element-26d4827 e-flex e-con-boxed wpr-particle-no wpr-jarallax-no wpr-parallax-no wpr-sticky-section-no wpr-column-slider-no wpr-equal-height-no e-con e-parent\" data-eae-slider=\"61674\" data-id=\"26d4827\" data-element_type=\"container\" data-e-type=\"container\">\n\t\t\t\t\t<div class=\"e-con-inner\">\n\t\t<div class=\"has_eae_slider elementor-element elementor-element-384926e e-con-full e-flex wpr-particle-no wpr-jarallax-no wpr-parallax-no wpr-sticky-section-no wpr-column-slider-no wpr-equal-height-no e-con e-child\" data-eae-slider=\"57144\" data-id=\"384926e\" data-element_type=\"container\" data-e-type=\"container\">\n\t\t\t\t<div class=\"elementor-element elementor-element-d825511 elementor-widget elementor-widget-heading\" data-id=\"d825511\" data-element_type=\"widget\" data-e-type=\"widget\" data-widget_type=\"heading.default\">\n\t\t\t\t<div class=\"elementor-widget-container\">\n\t\t\t\t\t<h2 class=\"elementor-heading-title elementor-size-default\">Aluminium ramen \u2013 moderniteit en duurzaamheid<\/h2>\t\t\t\t<\/div>\n\t\t\t\t<\/div>\n\t\t\t\t<div class=\"elementor-element elementor-element-0db8cd3 elementor-widget elementor-widget-text-editor\" data-id=\"0db8cd3\" data-element_type=\"widget\" data-e-type=\"widget\" data-widget_type=\"text-editor.default\">\n\t\t\t\t<div class=\"elementor-widget-container\">\n\t\t\t\t\t\t\t\t\t<p>Aluminium ramen zijn de perfecte keuze voor wie modern design en maximale duurzaamheid waardeert. Dankzij hun hoge bestendigheid tegen weersinvloeden en de mogelijkheid om grote glaspartijen te realiseren, zijn ze uitermate geschikt voor moderne architectonische projecten.<\/p>\t\t\t\t\t\t\t\t<\/div>\n\t\t\t\t<\/div>\n\t\t\t\t<div class=\"elementor-element elementor-element-0121dfa elementor-widget elementor-widget-button\" data-id=\"0121dfa\" data-element_type=\"widget\" data-e-type=\"widget\" data-widget_type=\"button.default\">\n\t\t\t\t<div class=\"elementor-widget-container\">\n\t\t\t\t\t\t\t\t\t<div class=\"elementor-button-wrapper\">\n\t\t\t\t\t<a class=\"elementor-button elementor-button-link elementor-size-sm elementor-animation-grow\" href=\"https:\/\/at-fenster.de\/nl\/alu-fenster\/\">\n\t\t\t\t\t\t<span class=\"elementor-button-content-wrapper\">\n\t\t\t\t\t\t\t\t\t<span class=\"elementor-button-text\">Productdetails<\/span>\n\t\t\t\t\t<\/span>\n\t\t\t\t\t<\/a>\n\t\t\t\t<\/div>\n\t\t\t\t\t\t\t\t<\/div>\n\t\t\t\t<\/div>\n\t\t\t\t<\/div>\n\t\t<div class=\"has_eae_slider elementor-element elementor-element-539a065 e-con-full e-flex wpr-particle-no wpr-jarallax-no wpr-parallax-no wpr-sticky-section-no wpr-column-slider-no wpr-equal-height-no e-con e-child\" data-eae-slider=\"45023\" data-id=\"539a065\" data-element_type=\"container\" data-e-type=\"container\">\n\t\t\t\t<div class=\"elementor-element elementor-element-6b0a902 elementor-widget elementor-widget-image\" data-id=\"6b0a902\" data-element_type=\"widget\" data-e-type=\"widget\" data-widget_type=\"image.default\">\n\t\t\t\t<div class=\"elementor-widget-container\">\n\t\t\t\t\t\t\t\t\t\t\t\t\t\t\t\t<a href=\"https:\/\/at-fenster.de\/nl\/alu-fenster\/\">\n\t\t\t\t\t\t\t<img decoding=\"async\" width=\"944\" height=\"750\" src=\"https:\/\/at-fenster.de\/wp-content\/uploads\/2025\/01\/ALU-fenster-pick-img.jpg\" class=\"attachment-full size-full wp-image-1722\" alt=\"Aluminiumfenster\" srcset=\"https:\/\/at-fenster.de\/wp-content\/uploads\/2025\/01\/ALU-fenster-pick-img.jpg 944w, https:\/\/at-fenster.de\/wp-content\/uploads\/2025\/01\/ALU-fenster-pick-img-300x238.jpg 300w, https:\/\/at-fenster.de\/wp-content\/uploads\/2025\/01\/ALU-fenster-pick-img-768x610.jpg 768w\" sizes=\"(max-width: 944px) 100vw, 944px\" \/>\t\t\t\t\t\t\t\t<\/a>\n\t\t\t\t\t\t\t\t\t\t\t\t\t\t\t<\/div>\n\t\t\t\t<\/div>\n\t\t\t\t<\/div>\n\t\t\t\t\t<\/div>\n\t\t\t\t<\/div>\n\t\t<div class=\"has_eae_slider elementor-element elementor-element-3c26fe5 e-flex e-con-boxed wpr-particle-no wpr-jarallax-no wpr-parallax-no wpr-sticky-section-no wpr-column-slider-no wpr-equal-height-no e-con e-parent\" data-eae-slider=\"40938\" data-id=\"3c26fe5\" data-element_type=\"container\" data-e-type=\"container\">\n\t\t\t\t\t<div class=\"e-con-inner\">\n\t\t<div class=\"has_eae_slider elementor-element elementor-element-aa2cab0 e-con-full e-flex wpr-particle-no wpr-jarallax-no wpr-parallax-no wpr-sticky-section-no wpr-column-slider-no wpr-equal-height-no e-con e-child\" data-eae-slider=\"50144\" data-id=\"aa2cab0\" data-element_type=\"container\" data-e-type=\"container\">\n\t\t\t\t<div class=\"elementor-element elementor-element-30c153d elementor-widget elementor-widget-image\" data-id=\"30c153d\" data-element_type=\"widget\" data-e-type=\"widget\" data-widget_type=\"image.default\">\n\t\t\t\t<div class=\"elementor-widget-container\">\n\t\t\t\t\t\t\t\t\t\t\t\t\t\t\t\t<a href=\"https:\/\/at-fenster.de\/nl\/alu-fenster\/\">\n\t\t\t\t\t\t\t<img decoding=\"async\" width=\"824\" height=\"653\" src=\"https:\/\/at-fenster.de\/wp-content\/uploads\/2025\/01\/winkhaus.jpg\" class=\"attachment-full size-full wp-image-1725\" alt=\"winkhaus\" srcset=\"https:\/\/at-fenster.de\/wp-content\/uploads\/2025\/01\/winkhaus.jpg 824w, https:\/\/at-fenster.de\/wp-content\/uploads\/2025\/01\/winkhaus-300x238.jpg 300w, https:\/\/at-fenster.de\/wp-content\/uploads\/2025\/01\/winkhaus-768x609.jpg 768w\" sizes=\"(max-width: 824px) 100vw, 824px\" \/>\t\t\t\t\t\t\t\t<\/a>\n\t\t\t\t\t\t\t\t\t\t\t\t\t\t\t<\/div>\n\t\t\t\t<\/div>\n\t\t\t\t<\/div>\n\t\t<div class=\"has_eae_slider elementor-element elementor-element-60b0619 e-con-full e-flex wpr-particle-no wpr-jarallax-no wpr-parallax-no wpr-sticky-section-no wpr-column-slider-no wpr-equal-height-no e-con e-child\" data-eae-slider=\"2794\" data-id=\"60b0619\" data-element_type=\"container\" data-e-type=\"container\">\n\t\t\t\t<div class=\"elementor-element elementor-element-7847bed elementor-widget elementor-widget-heading\" data-id=\"7847bed\" data-element_type=\"widget\" data-e-type=\"widget\" data-widget_type=\"heading.default\">\n\t\t\t\t<div class=\"elementor-widget-container\">\n\t\t\t\t\t<h3 class=\"elementor-heading-title elementor-size-default\">Hoogste kwaliteit met Winkhaus-beslag<\/h3>\t\t\t\t<\/div>\n\t\t\t\t<\/div>\n\t\t\t\t<div class=\"elementor-element elementor-element-965b1e3 elementor-widget elementor-widget-text-editor\" data-id=\"965b1e3\" data-element_type=\"widget\" data-e-type=\"widget\" data-widget_type=\"text-editor.default\">\n\t\t\t\t<div class=\"elementor-widget-container\">\n\t\t\t\t\t\t\t\t\t<p class=\"p1\">In al onze ramen gebruiken wij betrouwbare beslag\u00adsystemen van Winkhaus \u2013 een toonaangevende fabrikant op het gebied van raambeslagtechniek. Dankzij geavanceerde mechanismen en nauwkeurige afwerking garanderen zij duurzaamheid en een soepele werking gedurende vele jaren. Deze oplossing staat voor de hoogste kwaliteit, bedieningscomfort en dagelijkse veiligheid<\/p>\t\t\t\t\t\t\t\t<\/div>\n\t\t\t\t<\/div>\n\t\t\t\t<\/div>\n\t\t\t\t\t<\/div>\n\t\t\t\t<\/div>\n\t\t\t\t<\/div>","protected":false},"excerpt":{"rendered":"<p>\u00dcberlegen Sie, welche Fenster Sie w\u00e4hlen sollen? Bestimmen Sie Ihre Bed\u00fcrfnisse und finden Sie die perfekte L\u00f6sung f\u00fcr Ihr Zuhause! \u00dcberlegen Sie, was Sie brauchen. Aluminiumfenster bieten modernes Design und Haltbarkeit, w\u00e4hrend PVC-Fenster hervorragende Isolierung und ein gutes Preis-Leistungs-Verh\u00e4ltnis bieten. Wir helfen Ihnen, die perfekte L\u00f6sung f\u00fcr Ihr Zuhause zu finden! PVC Fenster \u2013 Energieeffizienz und Komfort PVC Fenster verbinden hohe W\u00e4rmed\u00e4mmung, einfache Wartung und ein gutes Preis-Leistungs-Verh\u00e4ltnis. Diese L\u00f6sung sorgt f\u00fcr thermischen Komfort, Energieeinsparung und ein \u00e4sthetisches Aussehen, ideal f\u00fcr sowohl Einfamilienh\u00e4user als auch Mehrfamilienh\u00e4user. Produktdetails Aluminiumfenster \u2013 Modernit\u00e4t und Haltbarkeit Aluminiumfenster sind die perfekte Wahl f\u00fcr diejenigen, die modernen Design und maximale Haltbarkeit sch\u00e4tzen. Aufgrund ihrer hohen Widerstandsf\u00e4higkeit gegen\u00fcber Witterungsbedingungen und der M\u00f6glichkeit, gro\u00dfe Verglasungen zu schaffen, eignen sie sich hervorragend f\u00fcr moderne architektonische Projekte. Produktdetails H\u00f6chste Qualit\u00e4t mit Winkhaus-Beschl\u00e4gen In all unseren Fenstern verwenden wir zuverl\u00e4ssige Beschl\u00e4ge von Winkhaus \u2013 einem f\u00fchrenden Hersteller in der Fensterbeschlagtechnik. Dank fortschrittlicher Mechanismen und pr\u00e4ziser Verarbeitung garantieren sie Langlebigkeit und einen reibungslosen Betrieb \u00fcber viele Jahre hinweg. Diese L\u00f6sung steht f\u00fcr h\u00f6chste Qualit\u00e4t, Bedienkomfort und t\u00e4gliche Sicherheit<\/p>","protected":false},"author":1,"featured_media":0,"parent":0,"menu_order":0,"comment_status":"closed","ping_status":"closed","template":"","meta":{"footnotes":""},"class_list":["post-161","page","type-page","status-publish","hentry"],"yoast_head":"<!-- This site is optimized with the Yoast SEO plugin v27.6 - https:\/\/yoast.com\/product\/yoast-seo-wordpress\/ -->\n<title>Fenster - AT-Fenster<\/title>\n<meta name=\"description\" content=\"Entscheiden Sie sich f\u00fcr Energieeffizienz, Schallschutzstandards und Sicherheit. W\u00e4hlen Sie ein Material, das Ihren individuellen.\" \/>\n<meta name=\"robots\" content=\"index, follow, max-snippet:-1, max-image-preview:large, max-video-preview:-1\" \/>\n<link rel=\"canonical\" href=\"https:\/\/at-fenster.de\/nl\/fenster\/\" \/>\n<meta property=\"og:locale\" content=\"nl_NL\" \/>\n<meta property=\"og:type\" content=\"article\" \/>\n<meta property=\"og:title\" content=\"Fenster - AT-Fenster\" \/>\n<meta property=\"og:description\" content=\"Entscheiden Sie sich f\u00fcr Energieeffizienz, Schallschutzstandards und Sicherheit. W\u00e4hlen Sie ein Material, das Ihren individuellen.\" \/>\n<meta property=\"og:url\" content=\"https:\/\/at-fenster.de\/nl\/fenster\/\" \/>\n<meta property=\"og:site_name\" content=\"AT-Fenster\" \/>\n<meta property=\"article:modified_time\" content=\"2026-02-10T11:02:46+00:00\" \/>\n<meta property=\"og:image\" content=\"https:\/\/at-fenster.de\/wp-content\/uploads\/2025\/01\/PVC-fenster-pick-img.jpg\" \/>\n\t<meta property=\"og:image:width\" content=\"822\" \/>\n\t<meta property=\"og:image:height\" content=\"653\" \/>\n\t<meta property=\"og:image:type\" content=\"image\/jpeg\" \/>\n<meta name=\"twitter:card\" content=\"summary_large_image\" \/>\n<meta name=\"twitter:label1\" content=\"Geschatte leestijd\" \/>\n\t<meta name=\"twitter:data1\" content=\"2 minuten\" \/>\n<script type=\"application\/ld+json\" class=\"yoast-schema-graph\">{\"@context\":\"https:\\\/\\\/schema.org\",\"@graph\":[{\"@type\":\"WebPage\",\"@id\":\"https:\\\/\\\/at-fenster.de\\\/fenster\\\/\",\"url\":\"https:\\\/\\\/at-fenster.de\\\/fenster\\\/\",\"name\":\"Fenster - AT-Fenster\",\"isPartOf\":{\"@id\":\"https:\\\/\\\/at-fenster.de\\\/#website\"},\"primaryImageOfPage\":{\"@id\":\"https:\\\/\\\/at-fenster.de\\\/fenster\\\/#primaryimage\"},\"image\":{\"@id\":\"https:\\\/\\\/at-fenster.de\\\/fenster\\\/#primaryimage\"},\"thumbnailUrl\":\"https:\\\/\\\/at-fenster.de\\\/wp-content\\\/uploads\\\/2025\\\/01\\\/PVC-fenster-pick-img.jpg\",\"datePublished\":\"2022-06-22T07:56:44+00:00\",\"dateModified\":\"2026-02-10T11:02:46+00:00\",\"description\":\"Entscheiden Sie sich f\u00fcr Energieeffizienz, Schallschutzstandards und Sicherheit. W\u00e4hlen Sie ein Material, das Ihren individuellen.\",\"breadcrumb\":{\"@id\":\"https:\\\/\\\/at-fenster.de\\\/fenster\\\/#breadcrumb\"},\"inLanguage\":\"nl-NL\",\"potentialAction\":[{\"@type\":\"ReadAction\",\"target\":[\"https:\\\/\\\/at-fenster.de\\\/fenster\\\/\"]}]},{\"@type\":\"ImageObject\",\"inLanguage\":\"nl-NL\",\"@id\":\"https:\\\/\\\/at-fenster.de\\\/fenster\\\/#primaryimage\",\"url\":\"https:\\\/\\\/at-fenster.de\\\/wp-content\\\/uploads\\\/2025\\\/01\\\/PVC-fenster-pick-img.jpg\",\"contentUrl\":\"https:\\\/\\\/at-fenster.de\\\/wp-content\\\/uploads\\\/2025\\\/01\\\/PVC-fenster-pick-img.jpg\"},{\"@type\":\"BreadcrumbList\",\"@id\":\"https:\\\/\\\/at-fenster.de\\\/fenster\\\/#breadcrumb\",\"itemListElement\":[{\"@type\":\"ListItem\",\"position\":1,\"name\":\"Strona g\u0142\u00f3wna\",\"item\":\"https:\\\/\\\/at-fenster.de\\\/\"},{\"@type\":\"ListItem\",\"position\":2,\"name\":\"Fenster\"}]},{\"@type\":\"WebSite\",\"@id\":\"https:\\\/\\\/at-fenster.de\\\/#website\",\"url\":\"https:\\\/\\\/at-fenster.de\\\/\",\"name\":\"AT-Fenster\",\"description\":\"Eine einzigartige Vielfalt an Fenstern und T\u00fcren\",\"publisher\":{\"@id\":\"https:\\\/\\\/at-fenster.de\\\/#organization\"},\"potentialAction\":[{\"@type\":\"SearchAction\",\"target\":{\"@type\":\"EntryPoint\",\"urlTemplate\":\"https:\\\/\\\/at-fenster.de\\\/?s={search_term_string}\"},\"query-input\":{\"@type\":\"PropertyValueSpecification\",\"valueRequired\":true,\"valueName\":\"search_term_string\"}}],\"inLanguage\":\"nl-NL\"},{\"@type\":\"Organization\",\"@id\":\"https:\\\/\\\/at-fenster.de\\\/#organization\",\"name\":\"AT-Fenster\",\"url\":\"https:\\\/\\\/at-fenster.de\\\/\",\"logo\":{\"@type\":\"ImageObject\",\"inLanguage\":\"nl-NL\",\"@id\":\"https:\\\/\\\/at-fenster.de\\\/#\\\/schema\\\/logo\\\/image\\\/\",\"url\":\"https:\\\/\\\/at-fenster.de\\\/wp-content\\\/uploads\\\/2022\\\/06\\\/at_fenster_logo.png\",\"contentUrl\":\"https:\\\/\\\/at-fenster.de\\\/wp-content\\\/uploads\\\/2022\\\/06\\\/at_fenster_logo.png\",\"width\":380,\"height\":134,\"caption\":\"AT-Fenster\"},\"image\":{\"@id\":\"https:\\\/\\\/at-fenster.de\\\/#\\\/schema\\\/logo\\\/image\\\/\"}}]}<\/script>\n<!-- \/ Yoast SEO plugin. -->","yoast_head_json":{"title":"Fenster - AT-Fenster","description":"Entscheiden Sie sich f\u00fcr Energieeffizienz, Schallschutzstandards und Sicherheit. W\u00e4hlen Sie ein Material, das Ihren individuellen.","robots":{"index":"index","follow":"follow","max-snippet":"max-snippet:-1","max-image-preview":"max-image-preview:large","max-video-preview":"max-video-preview:-1"},"canonical":"https:\/\/at-fenster.de\/nl\/fenster\/","og_locale":"nl_NL","og_type":"article","og_title":"Fenster - AT-Fenster","og_description":"Entscheiden Sie sich f\u00fcr Energieeffizienz, Schallschutzstandards und Sicherheit. W\u00e4hlen Sie ein Material, das Ihren individuellen.","og_url":"https:\/\/at-fenster.de\/nl\/fenster\/","og_site_name":"AT-Fenster","article_modified_time":"2026-02-10T11:02:46+00:00","og_image":[{"width":822,"height":653,"url":"https:\/\/at-fenster.de\/wp-content\/uploads\/2025\/01\/PVC-fenster-pick-img.jpg","type":"image\/jpeg"}],"twitter_card":"summary_large_image","twitter_misc":{"Geschatte leestijd":"2 minuten"},"schema":{"@context":"https:\/\/schema.org","@graph":[{"@type":"WebPage","@id":"https:\/\/at-fenster.de\/fenster\/","url":"https:\/\/at-fenster.de\/fenster\/","name":"Fenster - AT-Fenster","isPartOf":{"@id":"https:\/\/at-fenster.de\/#website"},"primaryImageOfPage":{"@id":"https:\/\/at-fenster.de\/fenster\/#primaryimage"},"image":{"@id":"https:\/\/at-fenster.de\/fenster\/#primaryimage"},"thumbnailUrl":"https:\/\/at-fenster.de\/wp-content\/uploads\/2025\/01\/PVC-fenster-pick-img.jpg","datePublished":"2022-06-22T07:56:44+00:00","dateModified":"2026-02-10T11:02:46+00:00","description":"Entscheiden Sie sich f\u00fcr Energieeffizienz, Schallschutzstandards und Sicherheit. W\u00e4hlen Sie ein Material, das Ihren individuellen.","breadcrumb":{"@id":"https:\/\/at-fenster.de\/fenster\/#breadcrumb"},"inLanguage":"nl-NL","potentialAction":[{"@type":"ReadAction","target":["https:\/\/at-fenster.de\/fenster\/"]}]},{"@type":"ImageObject","inLanguage":"nl-NL","@id":"https:\/\/at-fenster.de\/fenster\/#primaryimage","url":"https:\/\/at-fenster.de\/wp-content\/uploads\/2025\/01\/PVC-fenster-pick-img.jpg","contentUrl":"https:\/\/at-fenster.de\/wp-content\/uploads\/2025\/01\/PVC-fenster-pick-img.jpg"},{"@type":"BreadcrumbList","@id":"https:\/\/at-fenster.de\/fenster\/#breadcrumb","itemListElement":[{"@type":"ListItem","position":1,"name":"Strona g\u0142\u00f3wna","item":"https:\/\/at-fenster.de\/"},{"@type":"ListItem","position":2,"name":"Fenster"}]},{"@type":"WebSite","@id":"https:\/\/at-fenster.de\/#website","url":"https:\/\/at-fenster.de\/","name":"AT-Fenster","description":"Eine einzigartige Vielfalt an Fenstern und T\u00fcren","publisher":{"@id":"https:\/\/at-fenster.de\/#organization"},"potentialAction":[{"@type":"SearchAction","target":{"@type":"EntryPoint","urlTemplate":"https:\/\/at-fenster.de\/?s={search_term_string}"},"query-input":{"@type":"PropertyValueSpecification","valueRequired":true,"valueName":"search_term_string"}}],"inLanguage":"nl-NL"},{"@type":"Organization","@id":"https:\/\/at-fenster.de\/#organization","name":"AT-Fenster","url":"https:\/\/at-fenster.de\/","logo":{"@type":"ImageObject","inLanguage":"nl-NL","@id":"https:\/\/at-fenster.de\/#\/schema\/logo\/image\/","url":"https:\/\/at-fenster.de\/wp-content\/uploads\/2022\/06\/at_fenster_logo.png","contentUrl":"https:\/\/at-fenster.de\/wp-content\/uploads\/2022\/06\/at_fenster_logo.png","width":380,"height":134,"caption":"AT-Fenster"},"image":{"@id":"https:\/\/at-fenster.de\/#\/schema\/logo\/image\/"}}]}},"_links":{"self":[{"href":"https:\/\/at-fenster.de\/nl\/wp-json\/wp\/v2\/pages\/161","targetHints":{"allow":["GET"]}}],"collection":[{"href":"https:\/\/at-fenster.de\/nl\/wp-json\/wp\/v2\/pages"}],"about":[{"href":"https:\/\/at-fenster.de\/nl\/wp-json\/wp\/v2\/types\/page"}],"author":[{"embeddable":true,"href":"https:\/\/at-fenster.de\/nl\/wp-json\/wp\/v2\/users\/1"}],"replies":[{"embeddable":true,"href":"https:\/\/at-fenster.de\/nl\/wp-json\/wp\/v2\/comments?post=161"}],"version-history":[{"count":113,"href":"https:\/\/at-fenster.de\/nl\/wp-json\/wp\/v2\/pages\/161\/revisions"}],"predecessor-version":[{"id":1935,"href":"https:\/\/at-fenster.de\/nl\/wp-json\/wp\/v2\/pages\/161\/revisions\/1935"}],"wp:attachment":[{"href":"https:\/\/at-fenster.de\/nl\/wp-json\/wp\/v2\/media?parent=161"}],"curies":[{"name":"wp","href":"https:\/\/api.w.org\/{rel}","templated":true}]}}