{"id":255,"date":"2022-06-28T08:11:22","date_gmt":"2022-06-28T06:11:22","guid":{"rendered":"https:\/\/at-fenster.matplast.de\/?page_id=255"},"modified":"2025-03-21T15:11:53","modified_gmt":"2025-03-21T14:11:53","slug":"sliding-systems","status":"publish","type":"page","link":"https:\/\/at-fenster.de\/nl\/sliding-systems\/","title":{"rendered":"Schuifsystemen"},"content":{"rendered":"<div data-elementor-type=\"wp-page\" data-elementor-id=\"255\" class=\"elementor elementor-255\">\n\t\t\t\t<div class=\"has_eae_slider elementor-element elementor-element-8f02fa0 e-con-full e-flex wpr-particle-no wpr-jarallax-no wpr-parallax-no wpr-sticky-section-no wpr-column-slider-no wpr-equal-height-no e-con e-parent\" data-eae-slider=\"34184\" data-id=\"8f02fa0\" data-element_type=\"container\" data-e-type=\"container\">\n\t\t\t\t<div class=\"elementor-element elementor-element-7e7754e elementor-widget elementor-widget-image\" data-id=\"7e7754e\" data-element_type=\"widget\" data-e-type=\"widget\" data-widget_type=\"image.default\">\n\t\t\t\t<div class=\"elementor-widget-container\">\n\t\t\t\t\t\t\t\t\t\t\t\t\t\t\t<img fetchpriority=\"high\" decoding=\"async\" width=\"2560\" height=\"806\" src=\"https:\/\/at-fenster.de\/wp-content\/uploads\/2025\/01\/slidingsystem-scaled.jpg\" class=\"attachment-full size-full wp-image-1753\" alt=\"Schiebet\u00fcren\" srcset=\"https:\/\/at-fenster.de\/wp-content\/uploads\/2025\/01\/slidingsystem-scaled.jpg 2560w, https:\/\/at-fenster.de\/wp-content\/uploads\/2025\/01\/slidingsystem-300x94.jpg 300w, https:\/\/at-fenster.de\/wp-content\/uploads\/2025\/01\/slidingsystem-1024x322.jpg 1024w, https:\/\/at-fenster.de\/wp-content\/uploads\/2025\/01\/slidingsystem-768x242.jpg 768w, https:\/\/at-fenster.de\/wp-content\/uploads\/2025\/01\/slidingsystem-1536x484.jpg 1536w, https:\/\/at-fenster.de\/wp-content\/uploads\/2025\/01\/slidingsystem-2048x645.jpg 2048w\" sizes=\"(max-width: 2560px) 100vw, 2560px\" \/>\t\t\t\t\t\t\t\t\t\t\t\t\t\t\t<\/div>\n\t\t\t\t<\/div>\n\t\t\t\t<\/div>\n\t\t\t\t<section class=\"has_eae_slider elementor-section elementor-top-section elementor-element elementor-element-51d2dffd elementor-section-boxed elementor-section-height-default elementor-section-height-default wpr-particle-no wpr-jarallax-no wpr-parallax-no wpr-sticky-section-no wpr-column-slider-no wpr-equal-height-no\" data-eae-slider=\"90732\" data-id=\"51d2dffd\" data-element_type=\"section\" data-e-type=\"section\">\n\t\t\t\t\t\t<div class=\"elementor-container elementor-column-gap-default\">\n\t\t\t\t\t<div class=\"has_eae_slider elementor-column elementor-col-100 elementor-top-column elementor-element elementor-element-4ddb0c93\" data-eae-slider=\"45151\" data-id=\"4ddb0c93\" data-element_type=\"column\" data-e-type=\"column\">\n\t\t\t<div class=\"elementor-widget-wrap elementor-element-populated\">\n\t\t\t\t\t\t<div class=\"elementor-element elementor-element-575e51ea elementor-widget elementor-widget-heading\" data-id=\"575e51ea\" data-element_type=\"widget\" data-e-type=\"widget\" data-widget_type=\"heading.default\">\n\t\t\t\t<div class=\"elementor-widget-container\">\n\t\t\t\t\t<h2 class=\"elementor-heading-title elementor-size-default\">Kies PVC- of aluminium schuifdeuren die zijn afgestemd op uw behoeften en ontdek de combinatie van stijl en functionaliteit.<\/h2>\t\t\t\t<\/div>\n\t\t\t\t<\/div>\n\t\t\t\t<section class=\"has_eae_slider elementor-section elementor-inner-section elementor-element elementor-element-5927b1cb elementor-section-boxed elementor-section-height-default elementor-section-height-default wpr-particle-no wpr-jarallax-no wpr-parallax-no wpr-sticky-section-no wpr-column-slider-no wpr-equal-height-no\" data-eae-slider=\"55975\" data-id=\"5927b1cb\" data-element_type=\"section\" data-e-type=\"section\">\n\t\t\t\t\t\t<div class=\"elementor-container elementor-column-gap-default\">\n\t\t\t\t\t<div class=\"has_eae_slider elementor-column elementor-col-100 elementor-inner-column elementor-element elementor-element-5beda4c3\" data-eae-slider=\"28639\" data-id=\"5beda4c3\" data-element_type=\"column\" data-e-type=\"column\">\n\t\t\t<div class=\"elementor-widget-wrap elementor-element-populated\">\n\t\t\t\t\t\t<div class=\"elementor-element elementor-element-6fb88138 elementor-widget elementor-widget-text-editor\" data-id=\"6fb88138\" data-element_type=\"widget\" data-e-type=\"widget\" data-widget_type=\"text-editor.default\">\n\t\t\t\t<div class=\"elementor-widget-container\">\n\t\t\t\t\t\t\t\t\t<p>Ontdek het aanbod aan schuifdeuren die zich aanpassen aan verschillende behoeften en stijlen. PVC-deuren bieden uitstekende thermische isolatie, terwijl aluminium deuren uitblinken door hun duurzaamheid en modern design. Vind de perfecte oplossing voor uw woning!<\/p>\t\t\t\t\t\t\t\t<\/div>\n\t\t\t\t<\/div>\n\t\t\t\t\t<\/div>\n\t\t<\/div>\n\t\t\t\t\t<\/div>\n\t\t<\/section>\n\t\t\t\t\t<\/div>\n\t\t<\/div>\n\t\t\t\t\t<\/div>\n\t\t<\/section>\n\t\t<div class=\"has_eae_slider elementor-element elementor-element-727a83c e-flex e-con-boxed wpr-particle-no wpr-jarallax-no wpr-parallax-no wpr-sticky-section-no wpr-column-slider-no wpr-equal-height-no e-con e-parent\" data-eae-slider=\"19272\" data-id=\"727a83c\" data-element_type=\"container\" data-e-type=\"container\">\n\t\t\t\t\t<div class=\"e-con-inner\">\n\t\t\t\t<div class=\"elementor-element elementor-element-a31606a elementor-widget__width-initial elementor-widget elementor-widget-heading\" data-id=\"a31606a\" data-element_type=\"widget\" data-e-type=\"widget\" data-widget_type=\"heading.default\">\n\t\t\t\t<div class=\"elementor-widget-container\">\n\t\t\t\t\t<h2 class=\"elementor-heading-title elementor-size-default\">PVC-schuifsystemen<\/h2>\t\t\t\t<\/div>\n\t\t\t\t<\/div>\n\t\t\t\t\t<\/div>\n\t\t\t\t<\/div>\n\t\t<div class=\"has_eae_slider elementor-element elementor-element-53c2c26 e-flex e-con-boxed wpr-particle-no wpr-jarallax-no wpr-parallax-no wpr-sticky-section-no wpr-column-slider-no wpr-equal-height-no e-con e-parent\" data-eae-slider=\"76305\" data-id=\"53c2c26\" data-element_type=\"container\" data-e-type=\"container\">\n\t\t\t\t\t<div class=\"e-con-inner\">\n\t\t<div class=\"has_eae_slider elementor-element elementor-element-df5e021 e-con-full e-flex wpr-particle-no wpr-jarallax-no wpr-parallax-no wpr-sticky-section-no wpr-column-slider-no wpr-equal-height-no e-con e-child\" data-eae-slider=\"37708\" data-id=\"df5e021\" data-element_type=\"container\" data-e-type=\"container\">\n\t\t\t\t<div class=\"elementor-element elementor-element-76a0576 elementor-widget elementor-widget-image\" data-id=\"76a0576\" data-element_type=\"widget\" data-e-type=\"widget\" data-widget_type=\"image.default\">\n\t\t\t\t<div class=\"elementor-widget-container\">\n\t\t\t\t\t\t\t\t\t\t\t\t\t\t\t\t<a href=\"https:\/\/at-fenster.de\/nl\/hst\/\">\n\t\t\t\t\t\t\t<img decoding=\"async\" width=\"800\" height=\"462\" src=\"https:\/\/at-fenster.de\/wp-content\/uploads\/2025\/01\/Schuco-living-slide.jpg\" class=\"elementor-animation-shrink attachment-large size-large wp-image-1764\" alt=\"Schuco living slide\" srcset=\"https:\/\/at-fenster.de\/wp-content\/uploads\/2025\/01\/Schuco-living-slide.jpg 941w, https:\/\/at-fenster.de\/wp-content\/uploads\/2025\/01\/Schuco-living-slide-300x173.jpg 300w, https:\/\/at-fenster.de\/wp-content\/uploads\/2025\/01\/Schuco-living-slide-768x443.jpg 768w\" sizes=\"(max-width: 800px) 100vw, 800px\" \/>\t\t\t\t\t\t\t\t<\/a>\n\t\t\t\t\t\t\t\t\t\t\t\t\t\t\t<\/div>\n\t\t\t\t<\/div>\n\t\t\t\t<div class=\"elementor-element elementor-element-2c2dbbb elementor-align-left elementor-widget elementor-widget-button\" data-id=\"2c2dbbb\" data-element_type=\"widget\" data-e-type=\"widget\" data-widget_type=\"button.default\">\n\t\t\t\t<div class=\"elementor-widget-container\">\n\t\t\t\t\t\t\t\t\t<div class=\"elementor-button-wrapper\">\n\t\t\t\t\t<a class=\"elementor-button elementor-button-link elementor-size-sm elementor-animation-grow\" href=\"https:\/\/at-fenster.de\/nl\/hst\/\">\n\t\t\t\t\t\t<span class=\"elementor-button-content-wrapper\">\n\t\t\t\t\t\t\t\t\t<span class=\"elementor-button-text\">Schuco living slide<\/span>\n\t\t\t\t\t<\/span>\n\t\t\t\t\t<\/a>\n\t\t\t\t<\/div>\n\t\t\t\t\t\t\t\t<\/div>\n\t\t\t\t<\/div>\n\t\t\t\t<\/div>\n\t\t<div class=\"has_eae_slider elementor-element elementor-element-a600f39 e-con-full e-flex wpr-particle-no wpr-jarallax-no wpr-parallax-no wpr-sticky-section-no wpr-column-slider-no wpr-equal-height-no e-con e-child\" data-eae-slider=\"69841\" data-id=\"a600f39\" data-element_type=\"container\" data-e-type=\"container\">\n\t\t\t\t<div class=\"elementor-element elementor-element-1cfde1b elementor-widget elementor-widget-image\" data-id=\"1cfde1b\" data-element_type=\"widget\" data-e-type=\"widget\" data-widget_type=\"image.default\">\n\t\t\t\t<div class=\"elementor-widget-container\">\n\t\t\t\t\t\t\t\t\t\t\t\t\t\t\t\t<a href=\"https:\/\/at-fenster.de\/nl\/pvc-psk\/\">\n\t\t\t\t\t\t\t<img decoding=\"async\" width=\"800\" height=\"462\" src=\"https:\/\/at-fenster.de\/wp-content\/uploads\/2025\/01\/SYSTEM-PSK-PAS-.jpg\" class=\"elementor-animation-shrink attachment-large size-large wp-image-1765\" alt=\"\" srcset=\"https:\/\/at-fenster.de\/wp-content\/uploads\/2025\/01\/SYSTEM-PSK-PAS-.jpg 941w, https:\/\/at-fenster.de\/wp-content\/uploads\/2025\/01\/SYSTEM-PSK-PAS--300x173.jpg 300w, https:\/\/at-fenster.de\/wp-content\/uploads\/2025\/01\/SYSTEM-PSK-PAS--768x443.jpg 768w\" sizes=\"(max-width: 800px) 100vw, 800px\" \/>\t\t\t\t\t\t\t\t<\/a>\n\t\t\t\t\t\t\t\t\t\t\t\t\t\t\t<\/div>\n\t\t\t\t<\/div>\n\t\t\t\t<div class=\"elementor-element elementor-element-b881cf6 elementor-align-left elementor-widget elementor-widget-button\" data-id=\"b881cf6\" data-element_type=\"widget\" data-e-type=\"widget\" data-widget_type=\"button.default\">\n\t\t\t\t<div class=\"elementor-widget-container\">\n\t\t\t\t\t\t\t\t\t<div class=\"elementor-button-wrapper\">\n\t\t\t\t\t<a class=\"elementor-button elementor-button-link elementor-size-sm elementor-animation-grow\" href=\"https:\/\/at-fenster.de\/nl\/pvc-psk\/\">\n\t\t\t\t\t\t<span class=\"elementor-button-content-wrapper\">\n\t\t\t\t\t\t\t\t\t<span class=\"elementor-button-text\">PSK | PAS-schuifsystemen<\/span>\n\t\t\t\t\t<\/span>\n\t\t\t\t\t<\/a>\n\t\t\t\t<\/div>\n\t\t\t\t\t\t\t\t<\/div>\n\t\t\t\t<\/div>\n\t\t\t\t<\/div>\n\t\t\t\t\t<\/div>\n\t\t\t\t<\/div>\n\t\t<div class=\"has_eae_slider elementor-element elementor-element-9cfa939 e-flex e-con-boxed wpr-particle-no wpr-jarallax-no wpr-parallax-no wpr-sticky-section-no wpr-column-slider-no wpr-equal-height-no e-con e-parent\" data-eae-slider=\"36113\" data-id=\"9cfa939\" data-element_type=\"container\" data-e-type=\"container\">\n\t\t\t\t\t<div class=\"e-con-inner\">\n\t\t\t\t<div class=\"elementor-element elementor-element-046883e elementor-widget__width-initial elementor-widget elementor-widget-heading\" data-id=\"046883e\" data-element_type=\"widget\" data-e-type=\"widget\" data-widget_type=\"heading.default\">\n\t\t\t\t<div class=\"elementor-widget-container\">\n\t\t\t\t\t<h2 class=\"elementor-heading-title elementor-size-default\">Aluminium schuifsystemen<\/h2>\t\t\t\t<\/div>\n\t\t\t\t<\/div>\n\t\t\t\t\t<\/div>\n\t\t\t\t<\/div>\n\t\t<div class=\"has_eae_slider elementor-element elementor-element-8504451 e-flex e-con-boxed wpr-particle-no wpr-jarallax-no wpr-parallax-no wpr-sticky-section-no wpr-column-slider-no wpr-equal-height-no e-con e-parent\" data-eae-slider=\"62930\" data-id=\"8504451\" data-element_type=\"container\" data-e-type=\"container\">\n\t\t\t\t\t<div class=\"e-con-inner\">\n\t\t<div class=\"has_eae_slider elementor-element elementor-element-0975f93 e-con-full e-flex wpr-particle-no wpr-jarallax-no wpr-parallax-no wpr-sticky-section-no wpr-column-slider-no wpr-equal-height-no e-con e-child\" data-eae-slider=\"87612\" data-id=\"0975f93\" data-element_type=\"container\" data-e-type=\"container\">\n\t\t\t\t<div class=\"elementor-element elementor-element-f4818c1 elementor-widget elementor-widget-image\" data-id=\"f4818c1\" data-element_type=\"widget\" data-e-type=\"widget\" data-widget_type=\"image.default\">\n\t\t\t\t<div class=\"elementor-widget-container\">\n\t\t\t\t\t\t\t\t\t\t\t\t\t\t\t\t<a href=\"https:\/\/at-fenster.de\/nl\/procural-sl1600hi\/\">\n\t\t\t\t\t\t\t<img loading=\"lazy\" decoding=\"async\" width=\"800\" height=\"462\" src=\"https:\/\/at-fenster.de\/wp-content\/uploads\/2025\/01\/procurla1600-check.jpg\" class=\"elementor-animation-shrink attachment-large size-large wp-image-1766\" alt=\"PROCURAL SL1600\" srcset=\"https:\/\/at-fenster.de\/wp-content\/uploads\/2025\/01\/procurla1600-check.jpg 941w, https:\/\/at-fenster.de\/wp-content\/uploads\/2025\/01\/procurla1600-check-300x173.jpg 300w, https:\/\/at-fenster.de\/wp-content\/uploads\/2025\/01\/procurla1600-check-768x443.jpg 768w\" sizes=\"(max-width: 800px) 100vw, 800px\" \/>\t\t\t\t\t\t\t\t<\/a>\n\t\t\t\t\t\t\t\t\t\t\t\t\t\t\t<\/div>\n\t\t\t\t<\/div>\n\t\t\t\t<div class=\"elementor-element elementor-element-8b73834 elementor-align-left elementor-widget elementor-widget-button\" data-id=\"8b73834\" data-element_type=\"widget\" data-e-type=\"widget\" data-widget_type=\"button.default\">\n\t\t\t\t<div class=\"elementor-widget-container\">\n\t\t\t\t\t\t\t\t\t<div class=\"elementor-button-wrapper\">\n\t\t\t\t\t<a class=\"elementor-button elementor-button-link elementor-size-sm elementor-animation-grow\" href=\"https:\/\/at-fenster.de\/nl\/procural-sl1600hi\/\">\n\t\t\t\t\t\t<span class=\"elementor-button-content-wrapper\">\n\t\t\t\t\t\t\t\t\t<span class=\"elementor-button-text\">PROCURAL SL1600<\/span>\n\t\t\t\t\t<\/span>\n\t\t\t\t\t<\/a>\n\t\t\t\t<\/div>\n\t\t\t\t\t\t\t\t<\/div>\n\t\t\t\t<\/div>\n\t\t\t\t<\/div>\n\t\t<div class=\"has_eae_slider elementor-element elementor-element-2c8bd37 e-con-full e-flex wpr-particle-no wpr-jarallax-no wpr-parallax-no wpr-sticky-section-no wpr-column-slider-no wpr-equal-height-no e-con e-child\" data-eae-slider=\"7778\" data-id=\"2c8bd37\" data-element_type=\"container\" data-e-type=\"container\">\n\t\t\t\t<div class=\"elementor-element elementor-element-66e21a0 elementor-widget elementor-widget-image\" data-id=\"66e21a0\" data-element_type=\"widget\" data-e-type=\"widget\" data-widget_type=\"image.default\">\n\t\t\t\t<div class=\"elementor-widget-container\">\n\t\t\t\t\t\t\t\t\t\t\t\t\t\t\t\t<a href=\"https:\/\/at-fenster.de\/nl\/aluminium-psk\/\">\n\t\t\t\t\t\t\t<img loading=\"lazy\" decoding=\"async\" width=\"800\" height=\"462\" src=\"https:\/\/at-fenster.de\/wp-content\/uploads\/2025\/01\/alu-psk.jpg\" class=\"elementor-animation-shrink attachment-large size-large wp-image-1767\" alt=\"\" srcset=\"https:\/\/at-fenster.de\/wp-content\/uploads\/2025\/01\/alu-psk.jpg 941w, https:\/\/at-fenster.de\/wp-content\/uploads\/2025\/01\/alu-psk-300x173.jpg 300w, https:\/\/at-fenster.de\/wp-content\/uploads\/2025\/01\/alu-psk-768x443.jpg 768w\" sizes=\"(max-width: 800px) 100vw, 800px\" \/>\t\t\t\t\t\t\t\t<\/a>\n\t\t\t\t\t\t\t\t\t\t\t\t\t\t\t<\/div>\n\t\t\t\t<\/div>\n\t\t\t\t<div class=\"elementor-element elementor-element-fd63d70 elementor-align-left elementor-widget elementor-widget-button\" data-id=\"fd63d70\" data-element_type=\"widget\" data-e-type=\"widget\" data-widget_type=\"button.default\">\n\t\t\t\t<div class=\"elementor-widget-container\">\n\t\t\t\t\t\t\t\t\t<div class=\"elementor-button-wrapper\">\n\t\t\t\t\t<a class=\"elementor-button elementor-button-link elementor-size-sm elementor-animation-grow\" href=\"https:\/\/at-fenster.de\/nl\/aluminium-psk\/\">\n\t\t\t\t\t\t<span class=\"elementor-button-content-wrapper\">\n\t\t\t\t\t\t\t\t\t<span class=\"elementor-button-text\">PSK | PAS-schuifsystemen<\/span>\n\t\t\t\t\t<\/span>\n\t\t\t\t\t<\/a>\n\t\t\t\t<\/div>\n\t\t\t\t\t\t\t\t<\/div>\n\t\t\t\t<\/div>\n\t\t\t\t<\/div>\n\t\t\t\t\t<\/div>\n\t\t\t\t<\/div>\n\t\t\t\t<\/div>","protected":false},"excerpt":{"rendered":"<p>W\u00e4hlen Sie PVC- oder Aluminium-Schiebet\u00fcren, die auf Ihre Bed\u00fcrfnisse abgestimmt sind, und entdecken Sie die Kombination aus Stil und Funktionalit\u00e4t. Entdecken Sie das Angebot an Schiebet\u00fcren, die sich an verschiedene Bed\u00fcrfnisse und Stile anpassen. PVC-T\u00fcren bieten hervorragende W\u00e4rmed\u00e4mmung, w\u00e4hrend Aluminiumt\u00fcren mit ihrer Haltbarkeit und modernem Design bestechen. Finden Sie die perfekte L\u00f6sung f\u00fcr Ihr Zuhause! PVC Schiebesysteme Schuco living slide PSK | PAS Schiebesysteme Aluminium Schiebesysteme PROCURAL SL1600 PSK | PAS Schiebesysteme<\/p>","protected":false},"author":1,"featured_media":0,"parent":0,"menu_order":0,"comment_status":"closed","ping_status":"closed","template":"","meta":{"footnotes":""},"class_list":["post-255","page","type-page","status-publish","hentry"],"yoast_head":"<!-- This site is optimized with the Yoast SEO plugin v27.6 - https:\/\/yoast.com\/product\/yoast-seo-wordpress\/ -->\n<title>Sliding systems - AT-Fenster<\/title>\n<meta name=\"description\" content=\"Bleiben Sie der Natur nahe mit modernen, verglasten Schiebesystemen, die Ihnen Sicherheit bieten, ohne den Blick auf die Terrasse oder den Garten einzuschr\u00e4nken\" \/>\n<meta name=\"robots\" content=\"index, follow, max-snippet:-1, max-image-preview:large, max-video-preview:-1\" \/>\n<link rel=\"canonical\" href=\"https:\/\/at-fenster.de\/nl\/sliding-systems\/\" \/>\n<meta property=\"og:locale\" content=\"nl_NL\" \/>\n<meta property=\"og:type\" content=\"article\" \/>\n<meta property=\"og:title\" content=\"Sliding systems - AT-Fenster\" \/>\n<meta property=\"og:description\" content=\"Bleiben Sie der Natur nahe mit modernen, verglasten Schiebesystemen, die Ihnen Sicherheit bieten, ohne den Blick auf die Terrasse oder den Garten einzuschr\u00e4nken\" \/>\n<meta property=\"og:url\" content=\"https:\/\/at-fenster.de\/nl\/sliding-systems\/\" \/>\n<meta property=\"og:site_name\" content=\"AT-Fenster\" \/>\n<meta property=\"article:modified_time\" content=\"2025-03-21T14:11:53+00:00\" \/>\n<meta property=\"og:image\" content=\"https:\/\/at-fenster.de\/wp-content\/uploads\/2025\/01\/slidingsystem-scaled.jpg\" \/>\n<meta name=\"twitter:card\" content=\"summary_large_image\" \/>\n<meta name=\"twitter:label1\" content=\"Geschatte leestijd\" \/>\n\t<meta name=\"twitter:data1\" content=\"2 minuten\" \/>\n<script type=\"application\/ld+json\" class=\"yoast-schema-graph\">{\"@context\":\"https:\\\/\\\/schema.org\",\"@graph\":[{\"@type\":\"WebPage\",\"@id\":\"https:\\\/\\\/at-fenster.de\\\/sliding-systems\\\/\",\"url\":\"https:\\\/\\\/at-fenster.de\\\/sliding-systems\\\/\",\"name\":\"Sliding systems - AT-Fenster\",\"isPartOf\":{\"@id\":\"https:\\\/\\\/at-fenster.de\\\/#website\"},\"primaryImageOfPage\":{\"@id\":\"https:\\\/\\\/at-fenster.de\\\/sliding-systems\\\/#primaryimage\"},\"image\":{\"@id\":\"https:\\\/\\\/at-fenster.de\\\/sliding-systems\\\/#primaryimage\"},\"thumbnailUrl\":\"https:\\\/\\\/at-fenster.de\\\/wp-content\\\/uploads\\\/2025\\\/01\\\/slidingsystem-scaled.jpg\",\"datePublished\":\"2022-06-28T06:11:22+00:00\",\"dateModified\":\"2025-03-21T14:11:53+00:00\",\"description\":\"Bleiben Sie der Natur nahe mit modernen, verglasten Schiebesystemen, die Ihnen Sicherheit bieten, ohne den Blick auf die Terrasse oder den Garten einzuschr\u00e4nken\",\"breadcrumb\":{\"@id\":\"https:\\\/\\\/at-fenster.de\\\/sliding-systems\\\/#breadcrumb\"},\"inLanguage\":\"nl-NL\",\"potentialAction\":[{\"@type\":\"ReadAction\",\"target\":[\"https:\\\/\\\/at-fenster.de\\\/sliding-systems\\\/\"]}]},{\"@type\":\"ImageObject\",\"inLanguage\":\"nl-NL\",\"@id\":\"https:\\\/\\\/at-fenster.de\\\/sliding-systems\\\/#primaryimage\",\"url\":\"https:\\\/\\\/at-fenster.de\\\/wp-content\\\/uploads\\\/2025\\\/01\\\/slidingsystem-scaled.jpg\",\"contentUrl\":\"https:\\\/\\\/at-fenster.de\\\/wp-content\\\/uploads\\\/2025\\\/01\\\/slidingsystem-scaled.jpg\"},{\"@type\":\"BreadcrumbList\",\"@id\":\"https:\\\/\\\/at-fenster.de\\\/sliding-systems\\\/#breadcrumb\",\"itemListElement\":[{\"@type\":\"ListItem\",\"position\":1,\"name\":\"Strona g\u0142\u00f3wna\",\"item\":\"https:\\\/\\\/at-fenster.de\\\/\"},{\"@type\":\"ListItem\",\"position\":2,\"name\":\"Sliding systems\"}]},{\"@type\":\"WebSite\",\"@id\":\"https:\\\/\\\/at-fenster.de\\\/#website\",\"url\":\"https:\\\/\\\/at-fenster.de\\\/\",\"name\":\"AT-Fenster\",\"description\":\"Eine einzigartige Vielfalt an Fenstern und T\u00fcren\",\"publisher\":{\"@id\":\"https:\\\/\\\/at-fenster.de\\\/#organization\"},\"potentialAction\":[{\"@type\":\"SearchAction\",\"target\":{\"@type\":\"EntryPoint\",\"urlTemplate\":\"https:\\\/\\\/at-fenster.de\\\/?s={search_term_string}\"},\"query-input\":{\"@type\":\"PropertyValueSpecification\",\"valueRequired\":true,\"valueName\":\"search_term_string\"}}],\"inLanguage\":\"nl-NL\"},{\"@type\":\"Organization\",\"@id\":\"https:\\\/\\\/at-fenster.de\\\/#organization\",\"name\":\"AT-Fenster\",\"url\":\"https:\\\/\\\/at-fenster.de\\\/\",\"logo\":{\"@type\":\"ImageObject\",\"inLanguage\":\"nl-NL\",\"@id\":\"https:\\\/\\\/at-fenster.de\\\/#\\\/schema\\\/logo\\\/image\\\/\",\"url\":\"https:\\\/\\\/at-fenster.de\\\/wp-content\\\/uploads\\\/2022\\\/06\\\/at_fenster_logo.png\",\"contentUrl\":\"https:\\\/\\\/at-fenster.de\\\/wp-content\\\/uploads\\\/2022\\\/06\\\/at_fenster_logo.png\",\"width\":380,\"height\":134,\"caption\":\"AT-Fenster\"},\"image\":{\"@id\":\"https:\\\/\\\/at-fenster.de\\\/#\\\/schema\\\/logo\\\/image\\\/\"}}]}<\/script>\n<!-- \/ Yoast SEO plugin. -->","yoast_head_json":{"title":"Sliding systems - AT-Fenster","description":"Bleiben Sie der Natur nahe mit modernen, verglasten Schiebesystemen, die Ihnen Sicherheit bieten, ohne den Blick auf die Terrasse oder den Garten einzuschr\u00e4nken","robots":{"index":"index","follow":"follow","max-snippet":"max-snippet:-1","max-image-preview":"max-image-preview:large","max-video-preview":"max-video-preview:-1"},"canonical":"https:\/\/at-fenster.de\/nl\/sliding-systems\/","og_locale":"nl_NL","og_type":"article","og_title":"Sliding systems - AT-Fenster","og_description":"Bleiben Sie der Natur nahe mit modernen, verglasten Schiebesystemen, die Ihnen Sicherheit bieten, ohne den Blick auf die Terrasse oder den Garten einzuschr\u00e4nken","og_url":"https:\/\/at-fenster.de\/nl\/sliding-systems\/","og_site_name":"AT-Fenster","article_modified_time":"2025-03-21T14:11:53+00:00","og_image":[{"url":"https:\/\/at-fenster.de\/wp-content\/uploads\/2025\/01\/slidingsystem-scaled.jpg","type":"","width":"","height":""}],"twitter_card":"summary_large_image","twitter_misc":{"Geschatte leestijd":"2 minuten"},"schema":{"@context":"https:\/\/schema.org","@graph":[{"@type":"WebPage","@id":"https:\/\/at-fenster.de\/sliding-systems\/","url":"https:\/\/at-fenster.de\/sliding-systems\/","name":"Sliding systems - AT-Fenster","isPartOf":{"@id":"https:\/\/at-fenster.de\/#website"},"primaryImageOfPage":{"@id":"https:\/\/at-fenster.de\/sliding-systems\/#primaryimage"},"image":{"@id":"https:\/\/at-fenster.de\/sliding-systems\/#primaryimage"},"thumbnailUrl":"https:\/\/at-fenster.de\/wp-content\/uploads\/2025\/01\/slidingsystem-scaled.jpg","datePublished":"2022-06-28T06:11:22+00:00","dateModified":"2025-03-21T14:11:53+00:00","description":"Bleiben Sie der Natur nahe mit modernen, verglasten Schiebesystemen, die Ihnen Sicherheit bieten, ohne den Blick auf die Terrasse oder den Garten einzuschr\u00e4nken","breadcrumb":{"@id":"https:\/\/at-fenster.de\/sliding-systems\/#breadcrumb"},"inLanguage":"nl-NL","potentialAction":[{"@type":"ReadAction","target":["https:\/\/at-fenster.de\/sliding-systems\/"]}]},{"@type":"ImageObject","inLanguage":"nl-NL","@id":"https:\/\/at-fenster.de\/sliding-systems\/#primaryimage","url":"https:\/\/at-fenster.de\/wp-content\/uploads\/2025\/01\/slidingsystem-scaled.jpg","contentUrl":"https:\/\/at-fenster.de\/wp-content\/uploads\/2025\/01\/slidingsystem-scaled.jpg"},{"@type":"BreadcrumbList","@id":"https:\/\/at-fenster.de\/sliding-systems\/#breadcrumb","itemListElement":[{"@type":"ListItem","position":1,"name":"Strona g\u0142\u00f3wna","item":"https:\/\/at-fenster.de\/"},{"@type":"ListItem","position":2,"name":"Sliding systems"}]},{"@type":"WebSite","@id":"https:\/\/at-fenster.de\/#website","url":"https:\/\/at-fenster.de\/","name":"AT-Fenster","description":"Eine einzigartige Vielfalt an Fenstern und T\u00fcren","publisher":{"@id":"https:\/\/at-fenster.de\/#organization"},"potentialAction":[{"@type":"SearchAction","target":{"@type":"EntryPoint","urlTemplate":"https:\/\/at-fenster.de\/?s={search_term_string}"},"query-input":{"@type":"PropertyValueSpecification","valueRequired":true,"valueName":"search_term_string"}}],"inLanguage":"nl-NL"},{"@type":"Organization","@id":"https:\/\/at-fenster.de\/#organization","name":"AT-Fenster","url":"https:\/\/at-fenster.de\/","logo":{"@type":"ImageObject","inLanguage":"nl-NL","@id":"https:\/\/at-fenster.de\/#\/schema\/logo\/image\/","url":"https:\/\/at-fenster.de\/wp-content\/uploads\/2022\/06\/at_fenster_logo.png","contentUrl":"https:\/\/at-fenster.de\/wp-content\/uploads\/2022\/06\/at_fenster_logo.png","width":380,"height":134,"caption":"AT-Fenster"},"image":{"@id":"https:\/\/at-fenster.de\/#\/schema\/logo\/image\/"}}]}},"_links":{"self":[{"href":"https:\/\/at-fenster.de\/nl\/wp-json\/wp\/v2\/pages\/255","targetHints":{"allow":["GET"]}}],"collection":[{"href":"https:\/\/at-fenster.de\/nl\/wp-json\/wp\/v2\/pages"}],"about":[{"href":"https:\/\/at-fenster.de\/nl\/wp-json\/wp\/v2\/types\/page"}],"author":[{"embeddable":true,"href":"https:\/\/at-fenster.de\/nl\/wp-json\/wp\/v2\/users\/1"}],"replies":[{"embeddable":true,"href":"https:\/\/at-fenster.de\/nl\/wp-json\/wp\/v2\/comments?post=255"}],"version-history":[{"count":44,"href":"https:\/\/at-fenster.de\/nl\/wp-json\/wp\/v2\/pages\/255\/revisions"}],"predecessor-version":[{"id":1880,"href":"https:\/\/at-fenster.de\/nl\/wp-json\/wp\/v2\/pages\/255\/revisions\/1880"}],"wp:attachment":[{"href":"https:\/\/at-fenster.de\/nl\/wp-json\/wp\/v2\/media?parent=255"}],"curies":[{"name":"wp","href":"https:\/\/api.w.org\/{rel}","templated":true}]}}